{"id":82,"date":"2015-11-07T16:34:44","date_gmt":"2015-11-07T15:34:44","guid":{"rendered":"https:\/\/wosp2023.interka.pl\/?page_id=82"},"modified":"2025-01-25T14:31:37","modified_gmt":"2025-01-25T13:31:37","slug":"kontakt","status":"publish","type":"page","link":"https:\/\/wosp.praszka.pl\/?page_id=82","title":{"rendered":"Kontakt"},"content":{"rendered":"<p><strong>Skontaktuj si\u0119 z nami:<\/strong><\/p>\n<p>Praszkowski Sztab Wielkiej Orkiestry \u015awi\u0105tecznej Pomocy<br \/>\nSzko\u0142a Podstawowa nr 3 w Praszce<br \/>\nul. Listopadowa 18<br \/>\n46-320 Praszka<br \/>\ntel.\u00a0<a class=\"fl r-ik18BxY3I_2o\" title=\"Zadzwo\u0144 z Hangouts\" data-number=\"+48343591032\" data-rtid=\"ik18BxY3I_2o\" data-ved=\"0CHgQkAgwD2oVChMIkNGhgdL-yAIVRVksCh355QCQ\">34 359 10 32<\/a><\/p>\n<p><strong>Szefowa Sztabu:\u00a0<\/strong><br \/>\nDanuta Czemielewska-Cholak<br \/>\ntel. 602 697 490<br \/>\ne-mail: joanna.cholak@wp.pl<\/p>\n<p><iframe loading=\"lazy\" style=\"border: 0;\" src=\"https:\/\/www.google.com\/maps\/embed?pb=!1m18!1m12!1m3!1d2508.1191582418805!2d18.44937464202533!3d51.05088754706118!2m3!1f0!2f0!3f0!3m2!1i1024!2i768!4f13.1!3m3!1m2!1s0x47108890b5da08e1%3A0xb9326d24ee993a62!2sListopadowa+18%2C+46-320+Praszka!5e0!3m2!1spl!2spl!4v1479919638442\" width=\"600\" height=\"450\" frameborder=\"0\" allowfullscreen=\"allowfullscreen\"><\/iframe><\/p>\n","protected":false},"excerpt":{"rendered":"<p>Skontaktuj si\u0119 z nami: Praszkowski Sztab Wielkiej Orkiestry \u015awi\u0105tecznej Pomocy Szko\u0142a Podstawowa nr 3 w Praszce ul. Listopadowa 18 46-320 Praszka tel.\u00a034 359 10 32 Szefowa Sztabu:\u00a0 Danuta Czemielewska-Cholak tel. 602 697 490 e-mail: joanna.cholak@wp.pl<\/p>\n","protected":false},"author":2,"featured_media":0,"parent":0,"menu_order":5,"comment_status":"closed","ping_status":"closed","template":"","meta":{"footnotes":""},"yoast_head":"<!-- This site is optimized with the Yoast SEO plugin v23.5 - https:\/\/yoast.com\/wordpress\/plugins\/seo\/ -->\n<title>Kontakt - WO\u015aP Praszka<\/title>\n<meta name=\"robots\" content=\"index, follow, max-snippet:-1, max-image-preview:large, max-video-preview:-1\" \/>\n<link rel=\"canonical\" href=\"https:\/\/wosp.praszka.pl\/?page_id=82\" \/>\n<meta property=\"og:locale\" content=\"pl_PL\" \/>\n<meta property=\"og:type\" content=\"article\" \/>\n<meta property=\"og:title\" content=\"Kontakt - WO\u015aP Praszka\" \/>\n<meta property=\"og:description\" content=\"Skontaktuj si\u0119 z nami: Praszkowski Sztab Wielkiej Orkiestry \u015awi\u0105tecznej Pomocy Szko\u0142a Podstawowa nr 3 w Praszce ul. Listopadowa 18 46-320 Praszka tel.\u00a034 359 10 32 Szefowa Sztabu:\u00a0 Danuta Czemielewska-Cholak tel. 602 697 490 e-mail: joanna.cholak@wp.pl\" \/>\n<meta property=\"og:url\" content=\"https:\/\/wosp.praszka.pl\/?page_id=82\" \/>\n<meta property=\"og:site_name\" content=\"WO\u015aP Praszka\" \/>\n<meta property=\"article:modified_time\" content=\"2025-01-25T13:31:37+00:00\" \/>\n<meta name=\"twitter:card\" content=\"summary_large_image\" \/>\n<meta name=\"twitter:label1\" content=\"Szacowany czas czytania\" \/>\n\t<meta name=\"twitter:data1\" content=\"1 minuta\" \/>\n<script type=\"application\/ld+json\" class=\"yoast-schema-graph\">{\"@context\":\"https:\/\/schema.org\",\"@graph\":[{\"@type\":\"WebPage\",\"@id\":\"https:\/\/wosp.praszka.pl\/?page_id=82\",\"url\":\"https:\/\/wosp.praszka.pl\/?page_id=82\",\"name\":\"Kontakt - WO\u015aP Praszka\",\"isPartOf\":{\"@id\":\"https:\/\/wosp.praszka.pl\/#website\"},\"datePublished\":\"2015-11-07T15:34:44+00:00\",\"dateModified\":\"2025-01-25T13:31:37+00:00\",\"breadcrumb\":{\"@id\":\"https:\/\/wosp.praszka.pl\/?page_id=82#breadcrumb\"},\"inLanguage\":\"pl-PL\",\"potentialAction\":[{\"@type\":\"ReadAction\",\"target\":[\"https:\/\/wosp.praszka.pl\/?page_id=82\"]}]},{\"@type\":\"BreadcrumbList\",\"@id\":\"https:\/\/wosp.praszka.pl\/?page_id=82#breadcrumb\",\"itemListElement\":[{\"@type\":\"ListItem\",\"position\":1,\"name\":\"Strona g\u0142\u00f3wna\",\"item\":\"https:\/\/wosp.praszka.pl\/\"},{\"@type\":\"ListItem\",\"position\":2,\"name\":\"Kontakt\"}]},{\"@type\":\"WebSite\",\"@id\":\"https:\/\/wosp.praszka.pl\/#website\",\"url\":\"https:\/\/wosp.praszka.pl\/\",\"name\":\"WO\u015aP Praszka\",\"description\":\"Praszkowski Sztab WO\u015aP\",\"potentialAction\":[{\"@type\":\"SearchAction\",\"target\":{\"@type\":\"EntryPoint\",\"urlTemplate\":\"https:\/\/wosp.praszka.pl\/?s={search_term_string}\"},\"query-input\":{\"@type\":\"PropertyValueSpecification\",\"valueRequired\":true,\"valueName\":\"search_term_string\"}}],\"inLanguage\":\"pl-PL\"}]}<\/script>\n<!-- \/ Yoast SEO plugin. -->","yoast_head_json":{"title":"Kontakt - WO\u015aP Praszka","robots":{"index":"index","follow":"follow","max-snippet":"max-snippet:-1","max-image-preview":"max-image-preview:large","max-video-preview":"max-video-preview:-1"},"canonical":"https:\/\/wosp.praszka.pl\/?page_id=82","og_locale":"pl_PL","og_type":"article","og_title":"Kontakt - WO\u015aP Praszka","og_description":"Skontaktuj si\u0119 z nami: Praszkowski Sztab Wielkiej Orkiestry \u015awi\u0105tecznej Pomocy Szko\u0142a Podstawowa nr 3 w Praszce ul. Listopadowa 18 46-320 Praszka tel.\u00a034 359 10 32 Szefowa Sztabu:\u00a0 Danuta Czemielewska-Cholak tel. 602 697 490 e-mail: joanna.cholak@wp.pl","og_url":"https:\/\/wosp.praszka.pl\/?page_id=82","og_site_name":"WO\u015aP Praszka","article_modified_time":"2025-01-25T13:31:37+00:00","twitter_card":"summary_large_image","twitter_misc":{"Szacowany czas czytania":"1 minuta"},"schema":{"@context":"https:\/\/schema.org","@graph":[{"@type":"WebPage","@id":"https:\/\/wosp.praszka.pl\/?page_id=82","url":"https:\/\/wosp.praszka.pl\/?page_id=82","name":"Kontakt - WO\u015aP Praszka","isPartOf":{"@id":"https:\/\/wosp.praszka.pl\/#website"},"datePublished":"2015-11-07T15:34:44+00:00","dateModified":"2025-01-25T13:31:37+00:00","breadcrumb":{"@id":"https:\/\/wosp.praszka.pl\/?page_id=82#breadcrumb"},"inLanguage":"pl-PL","potentialAction":[{"@type":"ReadAction","target":["https:\/\/wosp.praszka.pl\/?page_id=82"]}]},{"@type":"BreadcrumbList","@id":"https:\/\/wosp.praszka.pl\/?page_id=82#breadcrumb","itemListElement":[{"@type":"ListItem","position":1,"name":"Strona g\u0142\u00f3wna","item":"https:\/\/wosp.praszka.pl\/"},{"@type":"ListItem","position":2,"name":"Kontakt"}]},{"@type":"WebSite","@id":"https:\/\/wosp.praszka.pl\/#website","url":"https:\/\/wosp.praszka.pl\/","name":"WO\u015aP Praszka","description":"Praszkowski Sztab WO\u015aP","potentialAction":[{"@type":"SearchAction","target":{"@type":"EntryPoint","urlTemplate":"https:\/\/wosp.praszka.pl\/?s={search_term_string}"},"query-input":{"@type":"PropertyValueSpecification","valueRequired":true,"valueName":"search_term_string"}}],"inLanguage":"pl-PL"}]}},"_links":{"self":[{"href":"https:\/\/wosp.praszka.pl\/index.php?rest_route=\/wp\/v2\/pages\/82"}],"collection":[{"href":"https:\/\/wosp.praszka.pl\/index.php?rest_route=\/wp\/v2\/pages"}],"about":[{"href":"https:\/\/wosp.praszka.pl\/index.php?rest_route=\/wp\/v2\/types\/page"}],"author":[{"embeddable":true,"href":"https:\/\/wosp.praszka.pl\/index.php?rest_route=\/wp\/v2\/users\/2"}],"replies":[{"embeddable":true,"href":"https:\/\/wosp.praszka.pl\/index.php?rest_route=%2Fwp%2Fv2%2Fcomments&post=82"}],"version-history":[{"count":14,"href":"https:\/\/wosp.praszka.pl\/index.php?rest_route=\/wp\/v2\/pages\/82\/revisions"}],"predecessor-version":[{"id":836,"href":"https:\/\/wosp.praszka.pl\/index.php?rest_route=\/wp\/v2\/pages\/82\/revisions\/836"}],"wp:attachment":[{"href":"https:\/\/wosp.praszka.pl\/index.php?rest_route=%2Fwp%2Fv2%2Fmedia&parent=82"}],"curies":[{"name":"wp","href":"https:\/\/api.w.org\/{rel}","templated":true}]}}